{"id":12,"date":"2014-12-20T12:23:17","date_gmt":"2014-12-20T10:23:17","guid":{"rendered":"http:\/\/127.0.0.1\/wordpress\/?page_id=12"},"modified":"2015-05-03T21:27:08","modified_gmt":"2015-05-03T19:27:08","slug":"home","status":"publish","type":"page","link":"https:\/\/reitundzuchtstallnordhof.de\/wordpress\/","title":{"rendered":"Home"},"content":{"rendered":"<p>&nbsp;<\/p>\n<p>Das Team vom Reit-und Zuchtstall Nordhof begr\u00fc\u00dft Sie ganz herzlich auf seiner Internetseite.<\/p>\n<p>&nbsp;<\/p>\n<p>Sie suchen einen neuen Stall, bei dem Sie sich nicht permanent um das Wohl Ihres vierbeinigen Partners sorgen m\u00fcssen und trotzdem gute Trainingsm\u00f6glichkeiten haben oder einfach nur entspannt Ausreiten k\u00f6nnen?<\/p>\n<p>Dann bieten wir ihnen auf unserer Anlage, mittels individueller Betreuung und artgerechter Haltung,\u00a0 die Chance diesen Wunsch in Erf\u00fcllung gehen zu lassen!<\/p>\n<p>&nbsp;<\/p>\n<p>Machen Sie sich ein Bild von unserem Hof, gerne auch mit einem pers\u00f6nlichen Besuch und \u00fcberzeugen Sie sich selbst. Wir freuen uns auf Sie!<\/p>\n<p>&nbsp;<\/p>\n<p>Liebe Gr\u00fc\u00dfe<\/p>\n<p>&nbsp;<\/p>\n<p>Familie Hoffmann\/Zeidler<\/p>\n","protected":false},"excerpt":{"rendered":"<p>&nbsp; Das Team vom Reit-und Zuchtstall Nordhof begr\u00fc\u00dft Sie ganz herzlich auf seiner Internetseite. &nbsp; Sie suchen einen neuen Stall, bei dem Sie sich nicht permanent um das Wohl Ihres vierbeinigen Partners sorgen m\u00fcssen und trotzdem gute Trainingsm\u00f6glichkeiten haben oder einfach nur entspannt Ausreiten k\u00f6nnen? Dann bieten wir ihnen auf unserer Anlage, mittels individueller Betreuung [&hellip;]<\/p>\n","protected":false},"author":2,"featured_media":0,"parent":0,"menu_order":0,"comment_status":"closed","ping_status":"closed","template":"","meta":{"footnotes":""},"class_list":["post-12","page","type-page","status-publish","hentry"],"_links":{"self":[{"href":"https:\/\/reitundzuchtstallnordhof.de\/wordpress\/wp-json\/wp\/v2\/pages\/12","targetHints":{"allow":["GET"]}}],"collection":[{"href":"https:\/\/reitundzuchtstallnordhof.de\/wordpress\/wp-json\/wp\/v2\/pages"}],"about":[{"href":"https:\/\/reitundzuchtstallnordhof.de\/wordpress\/wp-json\/wp\/v2\/types\/page"}],"author":[{"embeddable":true,"href":"https:\/\/reitundzuchtstallnordhof.de\/wordpress\/wp-json\/wp\/v2\/users\/2"}],"replies":[{"embeddable":true,"href":"https:\/\/reitundzuchtstallnordhof.de\/wordpress\/wp-json\/wp\/v2\/comments?post=12"}],"version-history":[{"count":11,"href":"https:\/\/reitundzuchtstallnordhof.de\/wordpress\/wp-json\/wp\/v2\/pages\/12\/revisions"}],"predecessor-version":[{"id":654,"href":"https:\/\/reitundzuchtstallnordhof.de\/wordpress\/wp-json\/wp\/v2\/pages\/12\/revisions\/654"}],"wp:attachment":[{"href":"https:\/\/reitundzuchtstallnordhof.de\/wordpress\/wp-json\/wp\/v2\/media?parent=12"}],"curies":[{"name":"wp","href":"https:\/\/api.w.org\/{rel}","templated":true}]}}