{"id":191,"date":"2015-03-10T16:51:34","date_gmt":"2015-03-10T14:51:34","guid":{"rendered":"http:\/\/localhost\/wordpress\/?page_id=191"},"modified":"2015-05-03T22:59:26","modified_gmt":"2015-05-03T20:59:26","slug":"weidenpflege","status":"publish","type":"page","link":"https:\/\/reitundzuchtstallnordhof.de\/wordpress\/pensionsstall\/koppeln\/weidenpflege\/","title":{"rendered":"Weidenpflege"},"content":{"rendered":"<p>Da die Weiden im Sommer in der Regel eine Hauptnahrungsquelle darstellen, ist eine entsprechende Pflege von gro\u00dfer Bedeutung, um auch die Gesundheit der Pferde zu erhalten.<\/p>\n<p>Daher werden unsere Fl\u00e4chen im Fr\u00fchjahr, bei geeignetem Wetter, geschleppt, um sie zu begradigen und die Maulwurfsh\u00fcgel einzuebenen sowie die Grasnarbe zu bel\u00fcften.<\/p>\n<p>Im Anschluss werden diese gewalzt, damit sich der Boden der Grasnarbe, nach dem hochfrieren im Winter wieder schlie\u00dfen kann, aber gleichzeitig auch um f\u00fcr zus\u00e4tzliche Trittfestigkeit zu sorgen.<\/p>\n<p>Da sich ein zu geringer, erh\u00f6hter oder auch einseitiger N\u00e4hrstoffgehalt des Bodens zum <a href=\"\/wordpress\/wp-content\/uploads\/2014\/12\/DSC08768.jpg\"><img loading=\"lazy\" decoding=\"async\" class=\"  alignright wp-image-316 \" src=\"\/wordpress\/wp-content\/uploads\/2014\/12\/DSC08768-1024x683.jpg\" alt=\"DSC08768\" width=\"520\" height=\"347\" srcset=\"https:\/\/reitundzuchtstallnordhof.de\/wordpress\/wp-content\/uploads\/2014\/12\/DSC08768-1024x683.jpg 1024w, https:\/\/reitundzuchtstallnordhof.de\/wordpress\/wp-content\/uploads\/2014\/12\/DSC08768-300x200.jpg 300w, https:\/\/reitundzuchtstallnordhof.de\/wordpress\/wp-content\/uploads\/2014\/12\/DSC08768-624x416.jpg 624w\" sizes=\"auto, (max-width: 520px) 100vw, 520px\" \/><\/a>einen negativ auf die Quantit\u00e4t, aber vor allem auf die Qualit\u00e4t des Futters der Weidefl\u00e4che auswirkt, ist vor allem eine bedarfgerechte D\u00fcngung wichtig.<\/p>\n<p>Diese wird durch die j\u00e4hrliche Entnahme von Bodenproben gew\u00e4hrleistet.<\/p>\n<p>Dabei werden die im Fr\u00fchjahr aus dem Boden gewonnenen Proben zu einem Institut eingeschickt , welches die Zusammensetzung der darin enthaltenen N\u00e4hrstoffe ermittelt.<\/p>\n<p>Entsprechend der Resultate dieser Proben werden die Weidefl\u00e4chen dann ged\u00fcngt, um f\u00fcr eine pferdegerechte Artenzusammensetzung der Pflanzen auf unseren Koppeln zu sorgen, was letztlich auch f\u00fcr ausreichend Futter sorgt und gleichzeitig Unkraut oder gar Giftpflanzen vermeidet.<\/p>\n<p>Um auch nachhaltig von der D\u00fcngung zu profitieren und Pferdem\u00e4gen sowie Weidefl\u00e4chen zu schonen, wird stets darauf geachtet, dass die Fl\u00e4chen nicht zu intensiv genutzt werden.<\/p>\n<p>Dies bedeutet, dass die Fl\u00e4chen bei uns nach dem Abweiden noch einmal nachgem\u00e4ht werden, was zus\u00e4tzlich nochmals mechanisch den Schadpflanzen vorbeugt.<\/p>\n<p>Nach diesem Schritt erfolgt eine Ruhephase f\u00fcr die Koppel, damit sich die gew\u00fcnschten Gr\u00e4ser und Kr\u00e4uter auch wieder erholen k\u00f6nnen.<\/p>\n<p>Da wir von unseren eigenen Fl\u00e4chen unter anderem unser Heu beziehen, werden die Wiesen im Wechsel als M\u00e4hwiese oder Weidefl\u00e4che f\u00fcr die Pferde genutzt.<\/p>\n","protected":false},"excerpt":{"rendered":"<p>Da die Weiden im Sommer in der Regel eine Hauptnahrungsquelle darstellen, ist eine entsprechende Pflege von gro\u00dfer Bedeutung, um auch die Gesundheit der Pferde zu erhalten. Daher werden unsere Fl\u00e4chen im Fr\u00fchjahr, bei geeignetem Wetter, geschleppt, um sie zu begradigen und die Maulwurfsh\u00fcgel einzuebenen sowie die Grasnarbe zu bel\u00fcften. Im Anschluss werden diese gewalzt, damit [&hellip;]<\/p>\n","protected":false},"author":2,"featured_media":0,"parent":77,"menu_order":0,"comment_status":"closed","ping_status":"closed","template":"","meta":{"footnotes":""},"class_list":["post-191","page","type-page","status-publish","hentry"],"_links":{"self":[{"href":"https:\/\/reitundzuchtstallnordhof.de\/wordpress\/wp-json\/wp\/v2\/pages\/191","targetHints":{"allow":["GET"]}}],"collection":[{"href":"https:\/\/reitundzuchtstallnordhof.de\/wordpress\/wp-json\/wp\/v2\/pages"}],"about":[{"href":"https:\/\/reitundzuchtstallnordhof.de\/wordpress\/wp-json\/wp\/v2\/types\/page"}],"author":[{"embeddable":true,"href":"https:\/\/reitundzuchtstallnordhof.de\/wordpress\/wp-json\/wp\/v2\/users\/2"}],"replies":[{"embeddable":true,"href":"https:\/\/reitundzuchtstallnordhof.de\/wordpress\/wp-json\/wp\/v2\/comments?post=191"}],"version-history":[{"count":14,"href":"https:\/\/reitundzuchtstallnordhof.de\/wordpress\/wp-json\/wp\/v2\/pages\/191\/revisions"}],"predecessor-version":[{"id":666,"href":"https:\/\/reitundzuchtstallnordhof.de\/wordpress\/wp-json\/wp\/v2\/pages\/191\/revisions\/666"}],"up":[{"embeddable":true,"href":"https:\/\/reitundzuchtstallnordhof.de\/wordpress\/wp-json\/wp\/v2\/pages\/77"}],"wp:attachment":[{"href":"https:\/\/reitundzuchtstallnordhof.de\/wordpress\/wp-json\/wp\/v2\/media?parent=191"}],"curies":[{"name":"wp","href":"https:\/\/api.w.org\/{rel}","templated":true}]}}