{"id":20,"date":"2014-12-20T12:23:49","date_gmt":"2014-12-20T10:23:49","guid":{"rendered":"http:\/\/127.0.0.1\/wordpress\/?page_id=20"},"modified":"2015-05-03T23:04:52","modified_gmt":"2015-05-03T21:04:52","slug":"wir-ueber-uns","status":"publish","type":"page","link":"https:\/\/reitundzuchtstallnordhof.de\/wordpress\/wir-ueber-uns\/","title":{"rendered":"Wir \u00fcber uns"},"content":{"rendered":"<div align=\"left\">\n<div align=\"left\">\n<p align=\"justify\"><a href=\"\/wordpress\/wp-content\/uploads\/2014\/12\/IMG_3239.jpg\"><img loading=\"lazy\" decoding=\"async\" class=\"alignright wp-image-447 \" src=\"\/wordpress\/wp-content\/uploads\/2014\/12\/IMG_3239-1024x683.jpg\" alt=\"IMG_3239\" width=\"575\" height=\"384\" srcset=\"https:\/\/reitundzuchtstallnordhof.de\/wordpress\/wp-content\/uploads\/2014\/12\/IMG_3239-1024x683.jpg 1024w, https:\/\/reitundzuchtstallnordhof.de\/wordpress\/wp-content\/uploads\/2014\/12\/IMG_3239-300x200.jpg 300w, https:\/\/reitundzuchtstallnordhof.de\/wordpress\/wp-content\/uploads\/2014\/12\/IMG_3239-624x416.jpg 624w\" sizes=\"auto, (max-width: 575px) 100vw, 575px\" \/><\/a>In fr\u00fcheren Jahren waren wir auch Einsteller und wie es so ist, gibt es wahrscheinlich in fast jedem Stall etwas, das diesem oder jenem nicht gef\u00e4llt. Wenn diese Dinge dann aber die \u00dcberhand gewinnen, dann folgt auch irgendwann der Stallwechsel, manch einer wird dann sogar zum &#8222;Wandervogel&#8220;, weil er stets um das Wohl seines Pferdes bem\u00fcht ist.<\/p>\n<p align=\"justify\">Wir wechselten auch h\u00e4ufiger den Stall, in der Hoffnung irgendwann eine Anlage zu finden, wo die Pferde gut aufgehoben sind, wo man auch beruhigt eine Woche entspannten Urlaub machen kann.<\/p>\n<p align=\"justify\">Doch leider, oder wohl eher zum Gl\u00fcck, haben wir diesen Stall nie gefunden, wo uns das geboten wurde, was wir f\u00fcr unsere Vierbeiner als wichtig empfanden, sodass wir uns den Traum von einer kleinen Anlage erf\u00fcllen konnten.<\/p>\n<p align=\"justify\">Daher machten wir uns 1991 auf die Suche nach etwas Eigenem, was wir dann in Nordhof auch fanden.<\/p>\n<p align=\"justify\">Sicherlich war das nicht unbedingt das direkte Berliner Umland, was man sich eigentlich vorstellte zu kaufen, doch hier gab es reichlich fruchtbares Land, ausreichend Platz und Ruhe zur Entwicklung des Nachwuchs , aus zwei- und vierbeiniger Sicht.<\/p>\n<p align=\"justify\">Hier wollten wir uns all das erm\u00f6glichen oder auch verbessern, was uns damals nicht gefiel.<\/p>\n<p align=\"justify\">Sicherlich kostet das viel Zeit, Nerven und erst recht Geld, doch man darf bei allem Geiz nicht vergessen, dass es schlie\u00dflich auch Lebewesen sind, unsere Partner, die wir lieben und sch\u00e4tzen, weswegen diese Freundschaft auch gepflegt werden muss.<\/p>\n<p align=\"justify\">Bei uns wird jedes Pferd als Familienmitglied gesehen, auch wenn es nicht das eigene ist, dementsprechend f\u00fchlt man sich auch f\u00fcr jedes gleicherma\u00dfen verantwortlich und ist auch bereit diese gro\u00dfe Verantwortung im t\u00e4glichen Leben zu tragen.<\/p>\n<p align=\"justify\">Viele unserer Einsteller stehen jetzt schon seit fast 20 Jahren bei uns. Dar\u00fcber freuen wir uns nat\u00fcrlich sehr, denn darin glauben wir zu erkennen, dass unsere Philosophie bez\u00fcglich unseres Lebens mit den Pferden auf dem richtigen Weg ist.<\/p>\n<p align=\"justify\">Aber dennoch versuchen wir, aus jedem Tag etwas an Weisheit f\u00fcr den N\u00e4chsten zu gewinnen, um stetig noch etwas besser zu werden.<\/p>\n<p align=\"justify\">Liebe Gr\u00fc\u00dfe und hoffentlich bis sehr bald!<\/p>\n<p align=\"justify\">Familie Hoffann\/ Zeidler<\/p>\n<\/div>\n<div align=\"justify\">\n<p>&nbsp;<\/p>\n<h4><\/h4>\n<h4>Einzelportrait:<\/h4>\n<h5><\/h5>\n<h5>Dagmar Hoffmann<\/h5>\n<ul>\n<li>Landwirtin<\/li>\n<\/ul>\n<h5><\/h5>\n<h5>Klaus Zeidler<\/h5>\n<ul>\n<li>Pferdewirtschaftsmeister Schwerpunkt Pferdezucht und Haltung<\/li>\n<li>Meister Galabau<\/li>\n<\/ul>\n<h5><\/h5>\n<h5>Franziska Hoffmann<\/h5>\n<\/div>\n<ul>\n<li>Studierende der Veterin\u00e4rmedizin an der FU Berlin<\/li>\n<\/ul>\n<\/div>\n","protected":false},"excerpt":{"rendered":"<p>In fr\u00fcheren Jahren waren wir auch Einsteller und wie es so ist, gibt es wahrscheinlich in fast jedem Stall etwas, das diesem oder jenem nicht gef\u00e4llt. Wenn diese Dinge dann aber die \u00dcberhand gewinnen, dann folgt auch irgendwann der Stallwechsel, manch einer wird dann sogar zum &#8222;Wandervogel&#8220;, weil er stets um das Wohl seines Pferdes [&hellip;]<\/p>\n","protected":false},"author":2,"featured_media":579,"parent":0,"menu_order":0,"comment_status":"closed","ping_status":"closed","template":"","meta":{"footnotes":""},"class_list":["post-20","page","type-page","status-publish","has-post-thumbnail","hentry"],"_links":{"self":[{"href":"https:\/\/reitundzuchtstallnordhof.de\/wordpress\/wp-json\/wp\/v2\/pages\/20","targetHints":{"allow":["GET"]}}],"collection":[{"href":"https:\/\/reitundzuchtstallnordhof.de\/wordpress\/wp-json\/wp\/v2\/pages"}],"about":[{"href":"https:\/\/reitundzuchtstallnordhof.de\/wordpress\/wp-json\/wp\/v2\/types\/page"}],"author":[{"embeddable":true,"href":"https:\/\/reitundzuchtstallnordhof.de\/wordpress\/wp-json\/wp\/v2\/users\/2"}],"replies":[{"embeddable":true,"href":"https:\/\/reitundzuchtstallnordhof.de\/wordpress\/wp-json\/wp\/v2\/comments?post=20"}],"version-history":[{"count":32,"href":"https:\/\/reitundzuchtstallnordhof.de\/wordpress\/wp-json\/wp\/v2\/pages\/20\/revisions"}],"predecessor-version":[{"id":671,"href":"https:\/\/reitundzuchtstallnordhof.de\/wordpress\/wp-json\/wp\/v2\/pages\/20\/revisions\/671"}],"wp:featuredmedia":[{"embeddable":true,"href":"https:\/\/reitundzuchtstallnordhof.de\/wordpress\/wp-json\/wp\/v2\/media\/579"}],"wp:attachment":[{"href":"https:\/\/reitundzuchtstallnordhof.de\/wordpress\/wp-json\/wp\/v2\/media?parent=20"}],"curies":[{"name":"wp","href":"https:\/\/api.w.org\/{rel}","templated":true}]}}