{"id":22,"date":"2014-12-20T12:22:13","date_gmt":"2014-12-20T10:22:13","guid":{"rendered":"http:\/\/127.0.0.1\/wordpress\/?page_id=22"},"modified":"2015-05-04T00:59:40","modified_gmt":"2015-05-03T22:59:40","slug":"ausbildungsbetrieb","status":"publish","type":"page","link":"https:\/\/reitundzuchtstallnordhof.de\/wordpress\/ausbildungsbetrieb\/","title":{"rendered":"Ausbildung"},"content":{"rendered":"<div align=\"left\"><a href=\"wordpress\/wp-content\/uploads\/2014\/12\/P5020378.jpg\"><img loading=\"lazy\" decoding=\"async\" class=\"  alignright wp-image-584 size-large\" src=\"\/wordpress\/wp-content\/uploads\/2014\/12\/P5020378-1024x768.jpg\" alt=\"P5020378\" width=\"625\" height=\"469\" srcset=\"https:\/\/reitundzuchtstallnordhof.de\/wordpress\/wp-content\/uploads\/2014\/12\/P5020378-1024x768.jpg 1024w, https:\/\/reitundzuchtstallnordhof.de\/wordpress\/wp-content\/uploads\/2014\/12\/P5020378-300x225.jpg 300w, https:\/\/reitundzuchtstallnordhof.de\/wordpress\/wp-content\/uploads\/2014\/12\/P5020378-624x468.jpg 624w\" sizes=\"auto, (max-width: 625px) 100vw, 625px\" \/><\/a><\/div>\n<div align=\"justify\">\n<p>&nbsp;<\/p>\n<p>Sie suchen einen Ausbildungsplatz als Pferdewirt mit dem Schwerpunkt Pferdehaltung und Service?<\/p>\n<p>Dann bewerben Sie sich bei uns.<\/p>\n<p>Seit dem Jahr 1998 sind wir ein anerkannter Ausbildungsbetrieb, wodurch wir sehr viel Erfahrung sammeln konnten um die Ausbildung im vorgegebenen Rahmen noch interessanter zu gestalten.<\/p>\n<p>Zu den t\u00e4glichen Aufgabengebieten der angehenden Pferdewirte geh\u00f6ren unter anderem das Ausmisten der Boxen, Rein- und Rausstellen, aber auch die Pflege und das F\u00fcttern der Pferde.<\/p>\n<\/div>\n<div align=\"justify\"><\/div>\n<div align=\"justify\">Im Bereich F\u00fctterung bleiben\u00a0wir mittels F\u00fctterungslehrg\u00e4ngen stets auf dem aktuellsten Stand.<\/div>\n<div align=\"justify\"><\/div>\n<div align=\"justify\">Unser Heu und Stroh stammt aus eigener Produktion, daher k\u00f6nnen wir an dieser Stelle einen direkten praktischen Bezug zu dem in der Schule erlernten theoretischen Wissen herstellen.<\/div>\n<div align=\"justify\"><\/div>\n<div align=\"justify\"><\/div>\n<div align=\"justify\">Neben der Versorgung steht nat\u00fcrlich auch die Bewegung und Pflege der Pferde im Mittelpunkt der Ausbildung, sodass das korrekte Putzen, Longieren und auch Reiten regelm\u00e4\u00dfig praktiziert wird.<\/div>\n<div align=\"justify\"><\/div>\n<div align=\"justify\">Beim Reiten sowie Longieren stellen wir Ihnen erfahrene vierbeinige Partner zur Verf\u00fcgung, damit steht einer erfolgreichen Abschlusspr\u00fcfung nichts im Wege.<\/div>\n<div align=\"justify\"><\/div>\n<div align=\"justify\">Da wir mit unseren Pferden auch am Turniersport teilnehmen, wird nicht nur die Pflege der Pferde vermittelt, sondern auch die Vorbereitung zum Turnier.<\/div>\n<div align=\"justify\"><\/div>\n<div align=\"justify\"><\/div>\n<div align=\"justify\">Somit besteht zus\u00e4tzlich die M\u00f6glichkeit als Begleitperson oder auch aktiver Teilnehmer mit zum Turnier zu fahren und den gesamten Ablauf eines Reitturniers mitzuerleben.<\/div>\n<div align=\"justify\"><\/div>\n<div align=\"justify\">Dar\u00fcber hinaus sind wir auch ein anerkannter Zuchtbetrieb f\u00fcr Holsteiner Pferde, was einen Einblick im Schwerpunkt Zucht erm\u00f6glicht. Hier sind unter anderem Fahrten zu Fohlenchampionaten oder auch zur Deckstation mit inbegriffen.<\/div>\n<div align=\"justify\"><\/div>\n<div align=\"justify\"><\/div>\n<div align=\"justify\">Auf dem Reit- und Zuchtstall Nordhof erwartet Sie ein hilfsbereites sowie freundliches Team, das ein famili\u00e4res Klima pflegt und die Liebe zum Pferd verbindet.<\/div>\n<div align=\"justify\"><\/div>\n<div align=\"justify\"><\/div>\n<div align=\"justify\"><\/div>\n<div align=\"justify\"><\/div>\n<div align=\"justify\"><\/div>\n<div align=\"justify\"><\/div>\n<div align=\"justify\">Wir freuen uns auf Sie.<\/div>\n<p>&nbsp;<\/p>\n<p>&nbsp;<\/p>\n<div align=\"justify\"><\/div>\n<div align=\"justify\"><\/div>\n","protected":false},"excerpt":{"rendered":"<p>&nbsp; Sie suchen einen Ausbildungsplatz als Pferdewirt mit dem Schwerpunkt Pferdehaltung und Service? Dann bewerben Sie sich bei uns. Seit dem Jahr 1998 sind wir ein anerkannter Ausbildungsbetrieb, wodurch wir sehr viel Erfahrung sammeln konnten um die Ausbildung im vorgegebenen Rahmen noch interessanter zu gestalten. Zu den t\u00e4glichen Aufgabengebieten der angehenden Pferdewirte geh\u00f6ren unter anderem [&hellip;]<\/p>\n","protected":false},"author":2,"featured_media":576,"parent":0,"menu_order":0,"comment_status":"closed","ping_status":"closed","template":"","meta":{"footnotes":""},"class_list":["post-22","page","type-page","status-publish","has-post-thumbnail","hentry"],"_links":{"self":[{"href":"https:\/\/reitundzuchtstallnordhof.de\/wordpress\/wp-json\/wp\/v2\/pages\/22","targetHints":{"allow":["GET"]}}],"collection":[{"href":"https:\/\/reitundzuchtstallnordhof.de\/wordpress\/wp-json\/wp\/v2\/pages"}],"about":[{"href":"https:\/\/reitundzuchtstallnordhof.de\/wordpress\/wp-json\/wp\/v2\/types\/page"}],"author":[{"embeddable":true,"href":"https:\/\/reitundzuchtstallnordhof.de\/wordpress\/wp-json\/wp\/v2\/users\/2"}],"replies":[{"embeddable":true,"href":"https:\/\/reitundzuchtstallnordhof.de\/wordpress\/wp-json\/wp\/v2\/comments?post=22"}],"version-history":[{"count":27,"href":"https:\/\/reitundzuchtstallnordhof.de\/wordpress\/wp-json\/wp\/v2\/pages\/22\/revisions"}],"predecessor-version":[{"id":680,"href":"https:\/\/reitundzuchtstallnordhof.de\/wordpress\/wp-json\/wp\/v2\/pages\/22\/revisions\/680"}],"wp:featuredmedia":[{"embeddable":true,"href":"https:\/\/reitundzuchtstallnordhof.de\/wordpress\/wp-json\/wp\/v2\/media\/576"}],"wp:attachment":[{"href":"https:\/\/reitundzuchtstallnordhof.de\/wordpress\/wp-json\/wp\/v2\/media?parent=22"}],"curies":[{"name":"wp","href":"https:\/\/api.w.org\/{rel}","templated":true}]}}