{"id":39,"date":"2014-12-21T01:09:35","date_gmt":"2014-12-20T23:09:35","guid":{"rendered":"http:\/\/127.0.0.1\/wordpress\/?page_id=39"},"modified":"2015-05-03T23:00:20","modified_gmt":"2015-05-03T21:00:20","slug":"offenstall","status":"publish","type":"page","link":"https:\/\/reitundzuchtstallnordhof.de\/wordpress\/pensionsstall\/offenstall\/","title":{"rendered":"Offenstall"},"content":{"rendered":"<div class=\"csRow\">\n<div class=\"csColumn\" style=\"margin: 0px; padding: 0px; float: left; width: 58.1%;\" data-csid=\"46ebb951-b086-1d60-858e-49828dc39fd7\" data-cswidth=\"58.1%\" data-csendpoint=\"500\" data-csstartpoint=\"0\">\n<div id=\"main\" class=\"wrapper\">\n<div id=\"primary\" class=\"site-content\">\n<div id=\"content\">Bei der Offenstallhaltung steht Ihr Pferd in einer kleinen friedlichen Wallachherde direkt hinter dem Haus, auf fest eingez\u00e4unten Koppeln.<\/div>\n<div><\/div>\n<div>Im Winter verf\u00fcgen die Pferde dabei \u00fcber einen halben Hektar Koppel mit zwei gro\u00dfz\u00fcgigen beleuchteten Offenst\u00e4llen mit 40 bzw 60 qm, welche auch mit Stroh eingestreut sind und gemistet werden.<\/div>\n<div><\/div>\n<div>Zus\u00e4tzlich gibt es eine beheizte Tr\u00e4nke (bis -20 Grad ). Heu in Raufen, welche bei Wiederbef\u00fcllung auch jedes mal umgestellt werden, steht st\u00e4ndig zur Verf\u00fcgung.<\/div>\n<div><\/div>\n<div>Im Sommer stehen die Pferde auf sechs ha gro\u00dfen Weiden, die ebenfalls mit einem Offenstall und Selbsttr\u00e4nken ausgestattet sind. Bei Bedarf besteht aber auch die M\u00f6glichkeit des Verbleibs auf einer Magerwiese oder auch einem Paddock mit Heu.<\/div>\n<div><\/div>\n<div>Unabh\u00e4ngig von der Jahreszeit werden die Pferde auf den Koppeln t\u00e4glich (morgens sowie abends) auf Verletzungen abgegangen und gegebenenfalls verarztet. Einmal am Tag werden sie mit Kraftfutter, Zusatzfuttermitteln und Medikamenten, je nach Bedarf, auf der Koppel oder auch in der Box zugef\u00fcttert, auf Wunsch kann dies auch \u00f6fter geschehen. Der Offenstallplatz umfasst die gesamte Nutzung der Anlage, wobei demnach die Hallennutzung und ebenso der Reitplatz und Longierzirkel mit enthalten sind.<\/div>\n<div><\/div>\n<div><\/div>\n<div>Jedoch kann dieser Service auch ohne die Benutzung der Halle gebucht werden.<\/div>\n<div>\n<p>Ebenso k\u00f6nnen wir Ihr Pferd f\u00fcr Sie beim Schmied oder Tierarzt vorstellen.<\/p>\n<\/div>\n<\/div>\n<\/div>\n<\/div>\n<div class=\"csColumnGap\" style=\"margin: 0px; padding: 0px; float: left; width: 6.98%;\"><img decoding=\"async\" src=\"\/wordpress\/wp-content\/plugins\/advanced-wp-columns\/assets\/js\/plugins\/views\/img\/1x1-pixel.png\" alt=\"\" \/><\/div>\n<div class=\"csColumn\" style=\"margin: 0px; padding: 0px; float: left; width: 34.9%;\" data-csid=\"1c6fb07b-a30d-43e6-8234-e51978f383b4\" data-cswidth=\"34.9%\" data-csendpoint=\"860\" data-csstartpoint=\"560\"><a href=\"\/wordpress\/wp-content\/uploads\/2014\/12\/P81002851.jpg\"><img loading=\"lazy\" decoding=\"async\" class=\"alignnone size-medium wp-image-465\" src=\"\/wordpress\/wp-content\/uploads\/2014\/12\/P81002851-300x225.jpg\" alt=\"P8100285\" width=\"300\" height=\"225\" srcset=\"https:\/\/reitundzuchtstallnordhof.de\/wordpress\/wp-content\/uploads\/2014\/12\/P81002851-300x225.jpg 300w, https:\/\/reitundzuchtstallnordhof.de\/wordpress\/wp-content\/uploads\/2014\/12\/P81002851-1024x768.jpg 1024w, https:\/\/reitundzuchtstallnordhof.de\/wordpress\/wp-content\/uploads\/2014\/12\/P81002851-624x468.jpg 624w\" sizes=\"auto, (max-width: 300px) 100vw, 300px\" \/><\/a><a href=\"\/wordpress\/wp-content\/uploads\/2014\/12\/PA0400401.jpg\"><img loading=\"lazy\" decoding=\"async\" class=\"alignnone size-medium wp-image-452\" src=\"\/wordpress\/wp-content\/uploads\/2014\/12\/PA0400401-300x225.jpg\" alt=\"PA040040\" width=\"300\" height=\"225\" srcset=\"https:\/\/reitundzuchtstallnordhof.de\/wordpress\/wp-content\/uploads\/2014\/12\/PA0400401-300x225.jpg 300w, https:\/\/reitundzuchtstallnordhof.de\/wordpress\/wp-content\/uploads\/2014\/12\/PA0400401-1024x768.jpg 1024w, https:\/\/reitundzuchtstallnordhof.de\/wordpress\/wp-content\/uploads\/2014\/12\/PA0400401-624x468.jpg 624w\" sizes=\"auto, (max-width: 300px) 100vw, 300px\" \/><\/a><\/p>\n<\/div>\n<div style=\"clear: both; float: none; display: block; visibility: hidden; width: 0px; font-size: 0px; line-height: 0;\"><\/div>\n<\/div>\n","protected":false},"excerpt":{"rendered":"<p>Bei der Offenstallhaltung steht Ihr Pferd in einer kleinen friedlichen Wallachherde direkt hinter dem Haus, auf fest eingez\u00e4unten Koppeln. Im Winter verf\u00fcgen die Pferde dabei \u00fcber einen halben Hektar Koppel mit zwei gro\u00dfz\u00fcgigen beleuchteten Offenst\u00e4llen mit 40 bzw 60 qm, welche auch mit Stroh eingestreut sind und gemistet werden. Zus\u00e4tzlich gibt es eine beheizte Tr\u00e4nke [&hellip;]<\/p>\n","protected":false},"author":2,"featured_media":0,"parent":63,"menu_order":0,"comment_status":"closed","ping_status":"closed","template":"","meta":{"footnotes":""},"class_list":["post-39","page","type-page","status-publish","hentry"],"_links":{"self":[{"href":"https:\/\/reitundzuchtstallnordhof.de\/wordpress\/wp-json\/wp\/v2\/pages\/39","targetHints":{"allow":["GET"]}}],"collection":[{"href":"https:\/\/reitundzuchtstallnordhof.de\/wordpress\/wp-json\/wp\/v2\/pages"}],"about":[{"href":"https:\/\/reitundzuchtstallnordhof.de\/wordpress\/wp-json\/wp\/v2\/types\/page"}],"author":[{"embeddable":true,"href":"https:\/\/reitundzuchtstallnordhof.de\/wordpress\/wp-json\/wp\/v2\/users\/2"}],"replies":[{"embeddable":true,"href":"https:\/\/reitundzuchtstallnordhof.de\/wordpress\/wp-json\/wp\/v2\/comments?post=39"}],"version-history":[{"count":39,"href":"https:\/\/reitundzuchtstallnordhof.de\/wordpress\/wp-json\/wp\/v2\/pages\/39\/revisions"}],"predecessor-version":[{"id":707,"href":"https:\/\/reitundzuchtstallnordhof.de\/wordpress\/wp-json\/wp\/v2\/pages\/39\/revisions\/707"}],"up":[{"embeddable":true,"href":"https:\/\/reitundzuchtstallnordhof.de\/wordpress\/wp-json\/wp\/v2\/pages\/63"}],"wp:attachment":[{"href":"https:\/\/reitundzuchtstallnordhof.de\/wordpress\/wp-json\/wp\/v2\/media?parent=39"}],"curies":[{"name":"wp","href":"https:\/\/api.w.org\/{rel}","templated":true}]}}