{"id":518,"date":"2015-04-19T15:56:28","date_gmt":"2015-04-19T13:56:28","guid":{"rendered":"http:\/\/localhost\/wordpress\/?page_id=518"},"modified":"2015-05-09T23:40:19","modified_gmt":"2015-05-09T21:40:19","slug":"anfahrt","status":"publish","type":"page","link":"https:\/\/reitundzuchtstallnordhof.de\/wordpress\/anfahrt\/","title":{"rendered":"Anfahrt"},"content":{"rendered":"<p>Raus aus der Stadt und rein ins Gr\u00fcne!<\/p>\n<p>Sie finden den Reit-und Zuchtstall Nordhof nordwestlich von Berlin, am Havellanddreieck, inmitten des havell\u00e4ndischen Luches.<\/p>\n<p>&nbsp;<\/p>\n<p><strong>Berlin &#8211; Reinickendorf <\/strong>&#8211; Von dort erreichen Sie uns in ca. 35 Minuten \u00fcber die Autobahnen A111, A10 sowie A24 Richtung Hamburg, an der Abfahrt Kremmen Nauen Sommerfeld fahren Sie ab und folgen dann der Landstra\u00dfe L17, beziehungsweise L16 bis nach Nordhof.<\/p>\n<p>&nbsp;<\/p>\n<p><strong>Oberkr\u00e4mer &#8211; <\/strong>Von diesem Standpunkt k\u00f6nnen Sie uns in ca. 23 Minuten zum einen mittels Autobahnen A10 und A24 Richtung Hamburg,\u00a0 wobei Sie an der Abfahrt Kremmen Nauen Sommerfeld die Autobahn verlassen und zum anderen \u00fcber die Bundesstra\u00dfe B273 und dann mittels der Landstra\u00dfe L17, aber auch L16 nach Nordhof gelangen.<\/p>\n<p>&nbsp;<\/p>\n<p><strong>Hennigsdorf<\/strong> &#8211; Von hier aus fahren Sie ca. 32 Minuten \u00fcber die Autobahnen A111, A10 und A24 Richtung Hamburg, Abfahrt Kremmen, Nauen, Sommerfeld verlassen Sie dann die Autobahn und fahren noch ein kleines St\u00fcck Landstra\u00dfe \u00fcber die L17 oder L16 nach Nordhof.<strong><br \/>\n<\/strong><\/p>\n<p>&nbsp;<\/p>\n<p><strong>Oranienburg <\/strong>&#8211; Mit diesem Startpunkt\u00a0 fahren Sie ca. 35 Minuten entlang der Bundesstra\u00dfe B96, den Autobahnen A10 sowie A24 Richtung Hamburg und verlassen diese dann an der Abfahrt Kremmen Nauen Sommerfeld, um dann noch ein kleines St\u00fcck Landstra\u00dfe \u00fcber die L17 oder L16 nach Nordhof zu gelangen.<strong><br \/>\n<\/strong>Andernfalls k\u00f6nnen Sie an Stelle der Autobahnen auch die Bundesstra\u00dfe B273 nutzen und dann weiter \u00fcber die Landesstra\u00dfen L16, beziehungsweise L17 fahren, bis Sie in Nordhof ankommen.<strong><br \/>\n<\/strong><\/p>\n<p>&nbsp;<\/p>\n<p><strong>Kremmen<\/strong> &#8211; Von Kremmen fahren Sie ca 20 Minuten zu unserer Reitanlage in Nordhof. Sie nutzen dabei die Bundesstra\u00dfe B273 und fahren von dieser dann auf die Landesstra\u00dfe L162, L16 sowie L17, bis Sie Nordhof erreichen.<\/p>\n<p>&nbsp;<\/p>\n<p><strong>Berlin &#8211; Spandau<\/strong> &#8211; Von dort gibt es verschiedene Varianten, um unseren Reitstall innerhalb von ca. 37 Minuten zu erreichen.<strong><br \/>\n<\/strong>Eine m\u00f6gliche Route f\u00fcr Sie bietet die Heerstra\u00dfe, mit Anschluss an die Bundesstra\u00dfe B5,\u00a0 der Sie bis Nauen, beziehungsweise Berge folgen, um dann noch ein kurzes St\u00fcck bis Nordhof \u00fcber die Landesstra\u00dfe L173 zu fahren.<strong><br \/>\n<\/strong><\/p>\n<p>Andernfalls k\u00f6nnen Sie auch \u00fcber die Sch\u00f6nwalder Allee mit Verbindung zur Landstra\u00dfe L16 und L17 nutzen um uns zu erreichen.<\/p>\n<p>&nbsp;<\/p>\n<p><strong>Nauen <\/strong>&#8211;\u00a0 Von Nauen erreichen Sie uns in ca. 15 Minuten \u00fcber die Kreisstra\u00dfe K6309 in Richtung Hertefeld, um dann \u00fcber die Landesstra\u00dfe L173 nach Nordhof zu kommen.<\/p>\n<p>&nbsp;<\/p>\n<p><strong>Fehrbellin <\/strong>&#8211;<strong>\u00a0 <\/strong>Von diesem Standpunkt ausgehend k\u00f6nnen Sie uns innerhalb von ca. 15 Minuten \u00fcber die Landstra\u00dfen L16 und L17 oder auch L16 in Verbindung mit der L173 erreichen.<strong><br \/>\n<\/strong><\/p>\n<p>&nbsp;<\/p>\n<p><strong>Neuruppin <\/strong>&#8211; Von hier ben\u00f6tigen Sie ca. 25 Minuten zu unserer Reitanlage. <strong><br \/>\n<\/strong><\/p>\n<p>Sie k\u00f6nnen auf Ihrer Fahrt die Bundesstra\u00dfe B167 oder Landesstra\u00dfe L16 nutzen und dann auf die Autobahn A24 Richtung Berlin, bis zur Abfahrt Fehrbellin fahren, wo Sie auf die Landesstra\u00dfe L16 und L173 oder L17 wechseln und direkt bis nach Nordhof gelangen.<\/p>\n<p>&nbsp;<\/p>\n<p><iframe loading=\"lazy\" src=\"https:\/\/maps.google.de\/maps?hl=de&amp;q=Nordhofer Stra\u00dfe 6, 16833 Fehrbellin+(Nordhof)&amp;ie=UTF8&amp;t=&amp;z=9&amp;iwloc=B&amp;output=embed\" width=\"100%\" height=\"400\" frameborder=\"0\" marginwidth=\"0\" marginheight=\"0\" scrolling=\"no\"><\/iframe><\/p>\n","protected":false},"excerpt":{"rendered":"<p>Raus aus der Stadt und rein ins Gr\u00fcne! Sie finden den Reit-und Zuchtstall Nordhof nordwestlich von Berlin, am Havellanddreieck, inmitten des havell\u00e4ndischen Luches. &nbsp; Berlin &#8211; Reinickendorf &#8211; Von dort erreichen Sie uns in ca. 35 Minuten \u00fcber die Autobahnen A111, A10 sowie A24 Richtung Hamburg, an der Abfahrt Kremmen Nauen Sommerfeld fahren Sie ab [&hellip;]<\/p>\n","protected":false},"author":2,"featured_media":0,"parent":0,"menu_order":0,"comment_status":"closed","ping_status":"closed","template":"","meta":{"footnotes":""},"class_list":["post-518","page","type-page","status-publish","hentry"],"_links":{"self":[{"href":"https:\/\/reitundzuchtstallnordhof.de\/wordpress\/wp-json\/wp\/v2\/pages\/518","targetHints":{"allow":["GET"]}}],"collection":[{"href":"https:\/\/reitundzuchtstallnordhof.de\/wordpress\/wp-json\/wp\/v2\/pages"}],"about":[{"href":"https:\/\/reitundzuchtstallnordhof.de\/wordpress\/wp-json\/wp\/v2\/types\/page"}],"author":[{"embeddable":true,"href":"https:\/\/reitundzuchtstallnordhof.de\/wordpress\/wp-json\/wp\/v2\/users\/2"}],"replies":[{"embeddable":true,"href":"https:\/\/reitundzuchtstallnordhof.de\/wordpress\/wp-json\/wp\/v2\/comments?post=518"}],"version-history":[{"count":21,"href":"https:\/\/reitundzuchtstallnordhof.de\/wordpress\/wp-json\/wp\/v2\/pages\/518\/revisions"}],"predecessor-version":[{"id":682,"href":"https:\/\/reitundzuchtstallnordhof.de\/wordpress\/wp-json\/wp\/v2\/pages\/518\/revisions\/682"}],"wp:attachment":[{"href":"https:\/\/reitundzuchtstallnordhof.de\/wordpress\/wp-json\/wp\/v2\/media?parent=518"}],"curies":[{"name":"wp","href":"https:\/\/api.w.org\/{rel}","templated":true}]}}