{"id":63,"date":"2014-12-21T02:29:10","date_gmt":"2014-12-21T00:29:10","guid":{"rendered":"http:\/\/127.0.0.1\/wordpress\/?page_id=63"},"modified":"2015-05-03T22:55:16","modified_gmt":"2015-05-03T20:55:16","slug":"pensionsstall","status":"publish","type":"page","link":"https:\/\/reitundzuchtstallnordhof.de\/wordpress\/pensionsstall\/","title":{"rendered":"Pensionsstall"},"content":{"rendered":"<p><a href=\"http:\/\/reitundzuchtstallnordhof.de\/wordpress\/wp-content\/uploads\/2014\/12\/DSC08889.jpg\"><img loading=\"lazy\" decoding=\"async\" class=\"    wp-image-322 size-large alignright\" src=\"http:\/\/reitundzuchtstallnordhof.de\/wordpress\/wp-content\/uploads\/2014\/12\/DSC08889-1024x683.jpg\" alt=\"\" width=\"625\" height=\"417\" srcset=\"https:\/\/reitundzuchtstallnordhof.de\/wordpress\/wp-content\/uploads\/2014\/12\/DSC08889-1024x683.jpg 1024w, https:\/\/reitundzuchtstallnordhof.de\/wordpress\/wp-content\/uploads\/2014\/12\/DSC08889-300x200.jpg 300w, https:\/\/reitundzuchtstallnordhof.de\/wordpress\/wp-content\/uploads\/2014\/12\/DSC08889-624x416.jpg 624w\" sizes=\"auto, (max-width: 625px) 100vw, 625px\" \/><\/a>Sie suchen einen neuen Stall, bei dem Sie sich nicht permanent um das Wohl Ihres vierbeinigen Partners sorgen m\u00fcssen und trotzdem gute Trainingsm\u00f6glichkeiten haben oder einfach nur entspannt Ausreiten k\u00f6nnen?<\/p>\n<p>Dann bieten wir Ihnen auf unserer Anlage, mittels individueller Betreuung und artgerechter Haltung, die Chance diesen Wunsch in Erf\u00fcllung gehen zu lassen!<\/p>\n<p>Unsere Anlage bietet f\u00fcr Dressur-, Spring-, Western- und auch Freizeitreiter einen Platz an.<\/p>\n<p>Ebenfalls besteht zum einen die M\u00f6glichkeit der Jungpferdeaufzucht und Hengsthaltung, als auch die indivduelle Rentnerbetreuung.<\/p>\n<p>&nbsp;<\/p>\n<p>Machen Sie sich ein Bild von unserem Hof, gerne auch mit einem pers\u00f6nlichen Besuch und \u00fcberzeugen Sie sich selbst. Wir freuen uns auf Sie!<\/p>\n<p>&nbsp;<\/p>\n<p>Liebe Gr\u00fc\u00dfe<\/p>\n<p>&nbsp;<\/p>\n<p>Familie Hoffmann\/Zeidler<\/p>\n<p>&nbsp;<\/p>\n","protected":false},"excerpt":{"rendered":"<p>Sie suchen einen neuen Stall, bei dem Sie sich nicht permanent um das Wohl Ihres vierbeinigen Partners sorgen m\u00fcssen und trotzdem gute Trainingsm\u00f6glichkeiten haben oder einfach nur entspannt Ausreiten k\u00f6nnen? Dann bieten wir Ihnen auf unserer Anlage, mittels individueller Betreuung und artgerechter Haltung, die Chance diesen Wunsch in Erf\u00fcllung gehen zu lassen! Unsere Anlage bietet [&hellip;]<\/p>\n","protected":false},"author":2,"featured_media":578,"parent":0,"menu_order":0,"comment_status":"closed","ping_status":"closed","template":"","meta":{"footnotes":""},"class_list":["post-63","page","type-page","status-publish","has-post-thumbnail","hentry"],"_links":{"self":[{"href":"https:\/\/reitundzuchtstallnordhof.de\/wordpress\/wp-json\/wp\/v2\/pages\/63","targetHints":{"allow":["GET"]}}],"collection":[{"href":"https:\/\/reitundzuchtstallnordhof.de\/wordpress\/wp-json\/wp\/v2\/pages"}],"about":[{"href":"https:\/\/reitundzuchtstallnordhof.de\/wordpress\/wp-json\/wp\/v2\/types\/page"}],"author":[{"embeddable":true,"href":"https:\/\/reitundzuchtstallnordhof.de\/wordpress\/wp-json\/wp\/v2\/users\/2"}],"replies":[{"embeddable":true,"href":"https:\/\/reitundzuchtstallnordhof.de\/wordpress\/wp-json\/wp\/v2\/comments?post=63"}],"version-history":[{"count":11,"href":"https:\/\/reitundzuchtstallnordhof.de\/wordpress\/wp-json\/wp\/v2\/pages\/63\/revisions"}],"predecessor-version":[{"id":663,"href":"https:\/\/reitundzuchtstallnordhof.de\/wordpress\/wp-json\/wp\/v2\/pages\/63\/revisions\/663"}],"wp:featuredmedia":[{"embeddable":true,"href":"https:\/\/reitundzuchtstallnordhof.de\/wordpress\/wp-json\/wp\/v2\/media\/578"}],"wp:attachment":[{"href":"https:\/\/reitundzuchtstallnordhof.de\/wordpress\/wp-json\/wp\/v2\/media?parent=63"}],"curies":[{"name":"wp","href":"https:\/\/api.w.org\/{rel}","templated":true}]}}