{"id":77,"date":"2014-12-21T02:52:22","date_gmt":"2014-12-21T00:52:22","guid":{"rendered":"http:\/\/127.0.0.1\/wordpress\/?page_id=77"},"modified":"2015-05-03T22:58:57","modified_gmt":"2015-05-03T20:58:57","slug":"koppeln","status":"publish","type":"page","link":"https:\/\/reitundzuchtstallnordhof.de\/wordpress\/pensionsstall\/koppeln\/","title":{"rendered":"Koppeln"},"content":{"rendered":"<div class=\"csRow\">\n<div class=\"csColumn\" style=\"margin: 0px; padding: 0px; float: left; width: 58.1%;\" data-csid=\"62538cc3-a940-314e-a134-d77e332c5672\" data-cswidth=\"58.1%\" data-csendpoint=\"500\" data-csstartpoint=\"0\">\n<p>Die Pferde stehen nach Geschlechtern getrennt in Herden, k\u00f6nnen auf Wunsch aber auch einzeln oder zu zweit auf der Koppel stehen.Zus\u00e4tzlich bietet sich f\u00fcr etwas \u00e4ltere Pferde auch die Rentnerkoppel an.<\/p>\n<p>Dar\u00fcber hinaus ist speziell f\u00fcr Stuten mit Fohlen eine Fohlenweide vorgesehen, damit sich der Nachwuchs auch in Ruhe entwickeln kann. Um auch Pferde mit der Gefahr f\u00fcr Hufrehe gerecht zu werden, bieten wir im Sommer ebenfalls eine Magerwiese an.<\/p>\n<h4>Weiden:<\/h4>\n<p>Unsere Weidefl\u00e4che betr\u00e4gt insgesamt rund 25 ha und wird auf 6 Koppeln aufgeteilt.<\/p>\n<p>Die Weidesaison beginnt Mitte oder Ende Mai, je nach Witterung, zun\u00e4chst mit dem Anweiden. Dabei werden die Pferde erst einmal nur f\u00fcr 30 min auf das hohe Gras gestellt, sodass keine Gefahr f\u00fcr Koliken oder \u00c4hnliches besteht.<\/p>\n<p>Im weiteren Verlauf wird die Zeit dann um weitere 30 min pro Woche gesteigert, bis sie letztlich nur noch auf der Weide stehen.<\/p>\n<p>&nbsp;<\/p>\n<p>In der Regel werden die Pferde von uns im Sommer mittags zur gr\u00f6\u00dften Hitze in den Stall zum Fressen geholt und gehen dann abends, entsprechend des Wetters, wieder raus, nach Vereinbarung ist auch ein Verbleib in der Box m\u00f6glich.<\/p>\n<h4>Winterausl\u00e4ufe:<\/h4>\n<p>Die Winterausl\u00e4ufe umfassen insgesamt ca. 1,5 ha und teilen sich dabei in 3 Fl\u00e4chen.<\/p>\n<p>Den Wallachen steht ein halber Hektar mit Unterst\u00e4nden, welche mit Stroh eingestreut sind, zur Verf\u00fcgung. Zudem gibt es beheizte Selbsttr\u00e4nken (bis -20 Grad) sowie ein oder zwei Heuraufen, je nach Anzahl der Pferde.<\/p>\n<p>Den Stuten steht auch jeweils ein halber Hektar Fl\u00e4che zur Verf\u00fcgung. Beide Winterausl\u00e4ufe verf\u00fcgen ebenso \u00fcber eine Selbsttr\u00e4nke sowie ein bis zwei Heuraufen.<\/p>\n<h4>Rentnerkoppel:<\/h4>\n<p>&nbsp;<\/p>\n<p>F\u00fcr \u00e4ltere Pferde ist eine Rentnerkoppel vorhanden, welche ebenfalls mit Heuraufen und Selbsttr\u00e4nken beziehungsweise gro\u00dfen Wassertuppen ausgestattet ist.<\/p>\n<p>Bei dieser Art der Haltung werden \u00e4ltere rangniedrige Pferde zusammen in einer kleinen Herde gehalten, die sonst in einer normalen, vom Alter her gemischten, Truppe keinen Anschluss finden w\u00fcrden.<\/p>\n<h4>Fohlenweide:<\/h4>\n<p>Die M\u00fctter werden mit ihren Fohlen nicht gleich in ihre urspr\u00fcngliche Herde gelassen, sondern auf eine Fohlenweide mit anderen ihresgleichen gestellt, somit sind gleichaltrige Spielkameraden vorhanden und eine entspannte, beziehungsweise reibungslose Entwicklung wird erm\u00f6glicht.<\/p>\n<p>Einige Tage nach der Geburt gehen die Stuten mit ihren Fohlen zun\u00e4chst erst einzeln f\u00fcr wenige Stunden auf einen Sandauslauf mit ausreichend Heu und Wasser. Im Laufe der Zeit kommen dann die anderen Stuten mit ihrem Nachwuchs dazu.<\/p>\n<p>Wenn die Fohlen dann schon etwas reifer sind, erfolgt das Umstellen auf eine ein Hektar gro\u00dfe Weidefl\u00e4che, welche fest mit Holz eingez\u00e4unt ist und auch \u00fcber einen 40 qm gro\u00dfen Unterstand sowie Selbsttr\u00e4nken verf\u00fcgt.<\/p>\n<h4><\/h4>\n<h4><strong>Paddocks:<\/strong><\/h4>\n<p>Da wir unsere Pferde f\u00fcr gew\u00f6hnlich in der Herde halten, besitzen wir nur wenige Paddocks. Dennoch besteht auch die M\u00f6glichkeit zum Beispiel Hengste auf einem Einzelpaddock zu halten oder sie zum Einleben der Neuank\u00f6mmlinge zu nutzen.<\/p>\n<p>Auf jedem Paddock befindet sich au\u00dfreichend Heu f\u00fcr den Aufenthalt auf der Koppel und zugleich gro\u00dfe 80 Liter Tuppen, die t\u00e4glich gereinigt und mit frischem Wasser bef\u00fcllt werden.<\/p>\n<p>Am Ende des Tages erfolgt immer das Ab\u00e4ppeln des Paddocks und zugleich das S\u00e4ubern der Heustelle, sodass diese immer frisch bleibt.<\/p>\n<h4><strong>Krankenpaddock:<\/strong><\/h4>\n<p>F\u00fcr kranke Pferde, die eine Betreuung mit st\u00e4ndiger Aufsicht ben\u00f6tigen, stellen wir Krankenpaddocks bereit. Diese speziellen Ausl\u00e4ufe sind ebenfalls mit gro\u00dfen 80 Liter Tuppen sowie Heu best\u00fcckt und werden auch regelm\u00e4\u00dfig ges\u00e4ubert.<\/p>\n<\/div>\n<div class=\"csColumnGap\" style=\"margin: 0px; padding: 0px; float: left; width: 6.98%;\"><img decoding=\"async\" src=\"\/wordpress\/wp-content\/plugins\/advanced-wp-columns\/assets\/js\/plugins\/views\/img\/1x1-pixel.png\" alt=\"\" \/><\/div>\n<div class=\"csColumn\" style=\"margin: 0px; padding: 0px; float: left; width: 34.9%;\" data-csid=\"0366afef-33d9-2536-9a3b-6fbfcbc3da5d\" data-cswidth=\"34.9%\" data-csendpoint=\"860\" data-csstartpoint=\"560\">\n<p><a href=\"\/wordpress\/wp-content\/uploads\/2014\/12\/DSC08828.jpg\"><img loading=\"lazy\" decoding=\"async\" class=\"alignnone size-medium wp-image-320\" src=\"\/wordpress\/wp-content\/uploads\/2014\/12\/DSC08828-300x200.jpg\" alt=\"DSC08828\" width=\"300\" height=\"200\" srcset=\"https:\/\/reitundzuchtstallnordhof.de\/wordpress\/wp-content\/uploads\/2014\/12\/DSC08828-300x200.jpg 300w, https:\/\/reitundzuchtstallnordhof.de\/wordpress\/wp-content\/uploads\/2014\/12\/DSC08828-1024x683.jpg 1024w, https:\/\/reitundzuchtstallnordhof.de\/wordpress\/wp-content\/uploads\/2014\/12\/DSC08828-624x416.jpg 624w\" sizes=\"auto, (max-width: 300px) 100vw, 300px\" \/><\/a><\/p>\n<p><a href=\"\/wordpress\/wp-content\/uploads\/2014\/12\/IMG_1199.jpg\"><img loading=\"lazy\" decoding=\"async\" class=\"alignnone size-medium wp-image-446\" src=\"\/wordpress\/wp-content\/uploads\/2014\/12\/IMG_1199-300x200.jpg\" alt=\"IMG_1199\" width=\"300\" height=\"200\" srcset=\"https:\/\/reitundzuchtstallnordhof.de\/wordpress\/wp-content\/uploads\/2014\/12\/IMG_1199-300x200.jpg 300w, https:\/\/reitundzuchtstallnordhof.de\/wordpress\/wp-content\/uploads\/2014\/12\/IMG_1199-1024x683.jpg 1024w, https:\/\/reitundzuchtstallnordhof.de\/wordpress\/wp-content\/uploads\/2014\/12\/IMG_1199-624x416.jpg 624w\" sizes=\"auto, (max-width: 300px) 100vw, 300px\" \/><\/a><br \/>\n<a href=\"\/wordpress\/wp-content\/uploads\/2014\/12\/ActionEnte-2801.jpg\"><img loading=\"lazy\" decoding=\"async\" class=\"alignnone size-medium wp-image-442\" src=\"\/wordpress\/wp-content\/uploads\/2014\/12\/ActionEnte-2801-300x200.jpg\" alt=\"ActionEnte 2801\" width=\"300\" height=\"200\" srcset=\"https:\/\/reitundzuchtstallnordhof.de\/wordpress\/wp-content\/uploads\/2014\/12\/ActionEnte-2801-300x200.jpg 300w, https:\/\/reitundzuchtstallnordhof.de\/wordpress\/wp-content\/uploads\/2014\/12\/ActionEnte-2801-1024x683.jpg 1024w, https:\/\/reitundzuchtstallnordhof.de\/wordpress\/wp-content\/uploads\/2014\/12\/ActionEnte-2801-624x416.jpg 624w\" sizes=\"auto, (max-width: 300px) 100vw, 300px\" \/><\/a><\/p>\n<\/div>\n<div style=\"clear: both; float: none; display: block; visibility: hidden; width: 0px; font-size: 0px; line-height: 0;\"><\/div>\n<\/div>\n<p>&nbsp;<\/p>\n","protected":false},"excerpt":{"rendered":"<p>Die Pferde stehen nach Geschlechtern getrennt in Herden, k\u00f6nnen auf Wunsch aber auch einzeln oder zu zweit auf der Koppel stehen.Zus\u00e4tzlich bietet sich f\u00fcr etwas \u00e4ltere Pferde auch die Rentnerkoppel an. Dar\u00fcber hinaus ist speziell f\u00fcr Stuten mit Fohlen eine Fohlenweide vorgesehen, damit sich der Nachwuchs auch in Ruhe entwickeln kann. Um auch Pferde mit [&hellip;]<\/p>\n","protected":false},"author":2,"featured_media":0,"parent":63,"menu_order":0,"comment_status":"closed","ping_status":"closed","template":"","meta":{"footnotes":""},"class_list":["post-77","page","type-page","status-publish","hentry"],"_links":{"self":[{"href":"https:\/\/reitundzuchtstallnordhof.de\/wordpress\/wp-json\/wp\/v2\/pages\/77","targetHints":{"allow":["GET"]}}],"collection":[{"href":"https:\/\/reitundzuchtstallnordhof.de\/wordpress\/wp-json\/wp\/v2\/pages"}],"about":[{"href":"https:\/\/reitundzuchtstallnordhof.de\/wordpress\/wp-json\/wp\/v2\/types\/page"}],"author":[{"embeddable":true,"href":"https:\/\/reitundzuchtstallnordhof.de\/wordpress\/wp-json\/wp\/v2\/users\/2"}],"replies":[{"embeddable":true,"href":"https:\/\/reitundzuchtstallnordhof.de\/wordpress\/wp-json\/wp\/v2\/comments?post=77"}],"version-history":[{"count":51,"href":"https:\/\/reitundzuchtstallnordhof.de\/wordpress\/wp-json\/wp\/v2\/pages\/77\/revisions"}],"predecessor-version":[{"id":665,"href":"https:\/\/reitundzuchtstallnordhof.de\/wordpress\/wp-json\/wp\/v2\/pages\/77\/revisions\/665"}],"up":[{"embeddable":true,"href":"https:\/\/reitundzuchtstallnordhof.de\/wordpress\/wp-json\/wp\/v2\/pages\/63"}],"wp:attachment":[{"href":"https:\/\/reitundzuchtstallnordhof.de\/wordpress\/wp-json\/wp\/v2\/media?parent=77"}],"curies":[{"name":"wp","href":"https:\/\/api.w.org\/{rel}","templated":true}]}}