{"id":87,"date":"2014-12-21T02:57:08","date_gmt":"2014-12-21T00:57:08","guid":{"rendered":"http:\/\/127.0.0.1\/wordpress\/?page_id=87"},"modified":"2018-07-07T15:49:25","modified_gmt":"2018-07-07T13:49:25","slug":"fuetterung","status":"publish","type":"page","link":"https:\/\/reitundzuchtstallnordhof.de\/wordpress\/pensionsstall\/fuetterung\/","title":{"rendered":"F\u00fctterung"},"content":{"rendered":"<p>Da die F\u00fctterung neben den <strong>optimalen Haltungsbedingungen<\/strong> ein wesentliches Faktum f\u00fcr die<strong> Gesundheit<\/strong> darstellt, sind wir stets bem\u00fcht den individuellen Anforderungen der Pferde gerecht zu werden.<\/p>\n<p>&nbsp;<\/p>\n<h3>Um diesem Grundsatz gerecht zu werden, bieten wir folgende Leistungen f\u00fcr Sie und Ihr Pferd an:<\/h3>\n<h4>Kraftfutter<\/h4>\n<ul>\n<li><strong>Hafer <\/strong>beziehungsweise<strong> Gerste gequetscht<\/strong> und frei von jeglicher chemischer Behandlung\u00a0 <strong>(\u00f6kologischer Anbau)<\/strong><\/li>\n<li><strong>3 bis 6 x t\u00e4glich<\/strong> Kraftfutter, damit die Sportler ihre Leistungsf\u00e4higkeit ausbauen und die Rentner ihre Vitalit\u00e4t auch im hohen Alter erhalten<\/li>\n<li>nach Absprache Verabreichung von <strong>Medikamenten<\/strong> oder auch <strong>Erg\u00e4nzungsfuttermittel<\/strong>, wie zum Beispiel Heucobs f\u00fcr \u00e4ltere Pferde<strong><br \/>\n<\/strong><\/li>\n<\/ul>\n<h4>Raufutter<a href=\"http:\/\/reitundzuchtstallnordhof.de\/wordpress\/wp-content\/uploads\/2014\/12\/P5020347.jpg\"><img loading=\"lazy\" decoding=\"async\" class=\" size-medium wp-image-583 alignright\" src=\"http:\/\/reitundzuchtstallnordhof.de\/wordpress\/wp-content\/uploads\/2014\/12\/P5020347-300x187.jpg\" alt=\"P5020347\" width=\"300\" height=\"187\" srcset=\"https:\/\/reitundzuchtstallnordhof.de\/wordpress\/wp-content\/uploads\/2014\/12\/P5020347-300x187.jpg 300w, https:\/\/reitundzuchtstallnordhof.de\/wordpress\/wp-content\/uploads\/2014\/12\/P5020347-1024x640.jpg 1024w, https:\/\/reitundzuchtstallnordhof.de\/wordpress\/wp-content\/uploads\/2014\/12\/P5020347-624x390.jpg 624w\" sizes=\"auto, (max-width: 300px) 100vw, 300px\" \/><\/a><\/h4>\n<ul>\n<li>wir f\u00fcttern nur <strong>Heu<\/strong>, welches aus<strong> eigener Produktion<\/strong> von hofeigenen Wiesen stammt und frei von chemischer Behandlung ist <strong>(\u00f6kologischer Anbau)<\/strong>, sodass hier eine Entlastung insbesondere f\u00fcr Problempferde erfolgen kann<\/li>\n<li>Heu steht den Pferden <strong>rund um die Uhr zur freien Verf\u00fcgung<\/strong><\/li>\n<li style=\"text-align: right;\">morgens, mittags und abends Heu in den Boxen<\/li>\n<li style=\"text-align: right;\">auf den Koppeln stehen in Raufen Heurundballen<\/li>\n<\/ul>\n<h4>Einstreu<\/h4>\n<ul>\n<li>wir streuen stets <strong>reichhaltig mit Stroh<\/strong> ein, welches ebenfalls aus<strong> \u00f6kologischem Anbau<\/strong> <a href=\"http:\/\/reitundzuchtstallnordhof.de\/wordpress\/wp-content\/uploads\/2014\/12\/PA180088.jpg\"><img loading=\"lazy\" decoding=\"async\" class=\" alignright wp-image-337 size-medium\" src=\"http:\/\/reitundzuchtstallnordhof.de\/wordpress\/wp-content\/uploads\/2014\/12\/PA180088-300x225.jpg\" alt=\"\" width=\"300\" height=\"225\" srcset=\"https:\/\/reitundzuchtstallnordhof.de\/wordpress\/wp-content\/uploads\/2014\/12\/PA180088-300x225.jpg 300w, https:\/\/reitundzuchtstallnordhof.de\/wordpress\/wp-content\/uploads\/2014\/12\/PA180088-1024x768.jpg 1024w, https:\/\/reitundzuchtstallnordhof.de\/wordpress\/wp-content\/uploads\/2014\/12\/PA180088-624x468.jpg 624w\" sizes=\"auto, (max-width: 300px) 100vw, 300px\" \/><\/a>stammt, damit keine Verletzungsgefahr besteht und die Pferde auch in einer sauberen Box ohne Ammoniakausd\u00fcnstung stehen, was unter anderem die Atemwege reizt oder die Hufsubstanz angreift<\/li>\n<li><strong>auf Wunsch<\/strong> kann auch gerne gegen einen kleinen Aufpreis <strong>mit Sp\u00e4nen<\/strong> eingestreut werden. F\u00fcr die Besorgung und Entsorgung der Sp\u00e4ne hat in diesem Fall der Kunde Sorge zu tragen.<\/li>\n<\/ul>\n<p>&nbsp;<\/p>\n<p>Um auch immer auf dem aktuellen Stand zu bleiben, werden regelm\u00e4\u00dfig <strong>F\u00fctterungslehrg\u00e4nge\u00a0<\/strong>besucht.<\/p>\n<p>&nbsp;<\/p>\n","protected":false},"excerpt":{"rendered":"<p>Da die F\u00fctterung neben den optimalen Haltungsbedingungen ein wesentliches Faktum f\u00fcr die Gesundheit darstellt, sind wir stets bem\u00fcht den individuellen Anforderungen der Pferde gerecht zu werden. &nbsp; Um diesem Grundsatz gerecht zu werden, bieten wir folgende Leistungen f\u00fcr Sie und Ihr Pferd an: Kraftfutter Hafer beziehungsweise Gerste gequetscht und frei von jeglicher chemischer Behandlung\u00a0 (\u00f6kologischer [&hellip;]<\/p>\n","protected":false},"author":2,"featured_media":0,"parent":63,"menu_order":0,"comment_status":"closed","ping_status":"closed","template":"","meta":{"footnotes":""},"class_list":["post-87","page","type-page","status-publish","hentry"],"_links":{"self":[{"href":"https:\/\/reitundzuchtstallnordhof.de\/wordpress\/wp-json\/wp\/v2\/pages\/87","targetHints":{"allow":["GET"]}}],"collection":[{"href":"https:\/\/reitundzuchtstallnordhof.de\/wordpress\/wp-json\/wp\/v2\/pages"}],"about":[{"href":"https:\/\/reitundzuchtstallnordhof.de\/wordpress\/wp-json\/wp\/v2\/types\/page"}],"author":[{"embeddable":true,"href":"https:\/\/reitundzuchtstallnordhof.de\/wordpress\/wp-json\/wp\/v2\/users\/2"}],"replies":[{"embeddable":true,"href":"https:\/\/reitundzuchtstallnordhof.de\/wordpress\/wp-json\/wp\/v2\/comments?post=87"}],"version-history":[{"count":33,"href":"https:\/\/reitundzuchtstallnordhof.de\/wordpress\/wp-json\/wp\/v2\/pages\/87\/revisions"}],"predecessor-version":[{"id":696,"href":"https:\/\/reitundzuchtstallnordhof.de\/wordpress\/wp-json\/wp\/v2\/pages\/87\/revisions\/696"}],"up":[{"embeddable":true,"href":"https:\/\/reitundzuchtstallnordhof.de\/wordpress\/wp-json\/wp\/v2\/pages\/63"}],"wp:attachment":[{"href":"https:\/\/reitundzuchtstallnordhof.de\/wordpress\/wp-json\/wp\/v2\/media?parent=87"}],"curies":[{"name":"wp","href":"https:\/\/api.w.org\/{rel}","templated":true}]}}