{"id":92,"date":"2014-12-21T02:58:22","date_gmt":"2014-12-21T00:58:22","guid":{"rendered":"http:\/\/127.0.0.1\/wordpress\/?page_id=92"},"modified":"2023-03-25T20:01:16","modified_gmt":"2023-03-25T18:01:16","slug":"ausreitgelaende","status":"publish","type":"page","link":"https:\/\/reitundzuchtstallnordhof.de\/wordpress\/pensionsstall\/ausreitgelaende\/","title":{"rendered":"Ausreitgel\u00e4nde"},"content":{"rendered":"\n<p>Zum Ausreiten bietet Ihnen das havell\u00e4ndische Luch mit seinen unterschiedlichen Facetten verschiedenste M\u00f6glichkeiten f\u00fcr stundenlange Ausritte.<\/p>\n\n\n\n<p>Auf den riesigen Feldern und Wiesen kann so manch ein Reiter seinen vierbeinigen Partner schon mal zum Rennpferd trainieren.<\/p>\n\n\n\n<p>F\u00fcr ein eher ruhigeres Gem\u00fct oder auch an hei\u00dfen Sommertagen bietet sich das gem\u00fctliche Bummeln durch die Alleen und kleinen W\u00e4lder an, wobei man bei fast unber\u00fchrter Natur den Alltagsstress hinter sich lassen kann.<\/p>\n\n\n\n<p>Dar\u00fcber hinaus bietet sich f\u00fcr die leistungssportlich orientierten Reiter auch eine kurze Runde von 13-15&nbsp; min um die Anlage zum warm werden an.<\/p>\n\n\n\n<figure class=\"wp-block-gallery has-nested-images columns-default is-cropped wp-block-gallery-1 is-layout-flex wp-block-gallery-is-layout-flex\">\n<figure class=\"wp-block-image size-large\"><a href=\"http:\/\/www.reitundzuchtstallnordhof.de\/wordpress\/wp-content\/uploads\/2014\/12\/P5020292.jpg\"><img loading=\"lazy\" decoding=\"async\" width=\"1024\" height=\"768\" data-id=\"581\" src=\"http:\/\/www.reitundzuchtstallnordhof.de\/wordpress\/wp-content\/uploads\/2014\/12\/P5020292-1024x768.jpg\" alt=\"\" class=\"wp-image-581\" srcset=\"https:\/\/reitundzuchtstallnordhof.de\/wordpress\/wp-content\/uploads\/2014\/12\/P5020292-1024x768.jpg 1024w, https:\/\/reitundzuchtstallnordhof.de\/wordpress\/wp-content\/uploads\/2014\/12\/P5020292-300x225.jpg 300w, https:\/\/reitundzuchtstallnordhof.de\/wordpress\/wp-content\/uploads\/2014\/12\/P5020292-624x468.jpg 624w\" sizes=\"auto, (max-width: 1024px) 100vw, 1024px\" \/><\/a><\/figure>\n\n\n\n<figure class=\"wp-block-image size-large\"><a href=\"http:\/\/www.reitundzuchtstallnordhof.de\/wordpress\/wp-content\/uploads\/2014\/12\/IMG_6656.jpg\"><img loading=\"lazy\" decoding=\"async\" width=\"1024\" height=\"683\" data-id=\"448\" src=\"http:\/\/www.reitundzuchtstallnordhof.de\/wordpress\/wp-content\/uploads\/2014\/12\/IMG_6656-1024x683.jpg\" alt=\"\" class=\"wp-image-448\" srcset=\"https:\/\/reitundzuchtstallnordhof.de\/wordpress\/wp-content\/uploads\/2014\/12\/IMG_6656-1024x683.jpg 1024w, https:\/\/reitundzuchtstallnordhof.de\/wordpress\/wp-content\/uploads\/2014\/12\/IMG_6656-300x200.jpg 300w, https:\/\/reitundzuchtstallnordhof.de\/wordpress\/wp-content\/uploads\/2014\/12\/IMG_6656-624x416.jpg 624w\" sizes=\"auto, (max-width: 1024px) 100vw, 1024px\" \/><\/a><\/figure>\n\n\n\n<figure class=\"wp-block-image size-large\"><a href=\"http:\/\/www.reitundzuchtstallnordhof.de\/wordpress\/wp-content\/uploads\/2014\/12\/DSC09159.jpg\"><img loading=\"lazy\" decoding=\"async\" width=\"1024\" height=\"683\" data-id=\"329\" src=\"http:\/\/www.reitundzuchtstallnordhof.de\/wordpress\/wp-content\/uploads\/2014\/12\/DSC09159-1024x683.jpg\" alt=\"\" class=\"wp-image-329\" srcset=\"https:\/\/reitundzuchtstallnordhof.de\/wordpress\/wp-content\/uploads\/2014\/12\/DSC09159-1024x683.jpg 1024w, https:\/\/reitundzuchtstallnordhof.de\/wordpress\/wp-content\/uploads\/2014\/12\/DSC09159-300x200.jpg 300w, https:\/\/reitundzuchtstallnordhof.de\/wordpress\/wp-content\/uploads\/2014\/12\/DSC09159-624x416.jpg 624w\" sizes=\"auto, (max-width: 1024px) 100vw, 1024px\" \/><\/a><\/figure>\n\n\n\n<figure class=\"wp-block-image size-large\"><a href=\"http:\/\/www.reitundzuchtstallnordhof.de\/wordpress\/wp-content\/uploads\/2014\/12\/DSC09140.jpg\"><img loading=\"lazy\" decoding=\"async\" width=\"1024\" height=\"683\" data-id=\"328\" src=\"http:\/\/www.reitundzuchtstallnordhof.de\/wordpress\/wp-content\/uploads\/2014\/12\/DSC09140-1024x683.jpg\" alt=\"\" class=\"wp-image-328\" srcset=\"https:\/\/reitundzuchtstallnordhof.de\/wordpress\/wp-content\/uploads\/2014\/12\/DSC09140-1024x683.jpg 1024w, https:\/\/reitundzuchtstallnordhof.de\/wordpress\/wp-content\/uploads\/2014\/12\/DSC09140-300x200.jpg 300w, https:\/\/reitundzuchtstallnordhof.de\/wordpress\/wp-content\/uploads\/2014\/12\/DSC09140-624x416.jpg 624w\" sizes=\"auto, (max-width: 1024px) 100vw, 1024px\" \/><\/a><\/figure>\n\n\n\n<figure class=\"wp-block-image size-large\"><a href=\"http:\/\/www.reitundzuchtstallnordhof.de\/wordpress\/wp-content\/uploads\/2014\/12\/DSC09127.jpg\"><img loading=\"lazy\" decoding=\"async\" width=\"1024\" height=\"683\" data-id=\"327\" src=\"http:\/\/www.reitundzuchtstallnordhof.de\/wordpress\/wp-content\/uploads\/2014\/12\/DSC09127-1024x683.jpg\" alt=\"\" class=\"wp-image-327\" srcset=\"https:\/\/reitundzuchtstallnordhof.de\/wordpress\/wp-content\/uploads\/2014\/12\/DSC09127-1024x683.jpg 1024w, https:\/\/reitundzuchtstallnordhof.de\/wordpress\/wp-content\/uploads\/2014\/12\/DSC09127-300x200.jpg 300w, https:\/\/reitundzuchtstallnordhof.de\/wordpress\/wp-content\/uploads\/2014\/12\/DSC09127-624x416.jpg 624w\" sizes=\"auto, (max-width: 1024px) 100vw, 1024px\" \/><\/a><\/figure>\n\n\n\n<figure class=\"wp-block-image size-large\"><a href=\"http:\/\/www.reitundzuchtstallnordhof.de\/wordpress\/wp-content\/uploads\/2014\/12\/DSC09121.jpg\"><img loading=\"lazy\" decoding=\"async\" width=\"1024\" height=\"683\" data-id=\"326\" src=\"http:\/\/www.reitundzuchtstallnordhof.de\/wordpress\/wp-content\/uploads\/2014\/12\/DSC09121-1024x683.jpg\" alt=\"\" class=\"wp-image-326\" srcset=\"https:\/\/reitundzuchtstallnordhof.de\/wordpress\/wp-content\/uploads\/2014\/12\/DSC09121-1024x683.jpg 1024w, https:\/\/reitundzuchtstallnordhof.de\/wordpress\/wp-content\/uploads\/2014\/12\/DSC09121-300x200.jpg 300w, https:\/\/reitundzuchtstallnordhof.de\/wordpress\/wp-content\/uploads\/2014\/12\/DSC09121-624x416.jpg 624w\" sizes=\"auto, (max-width: 1024px) 100vw, 1024px\" \/><\/a><\/figure>\n\n\n\n<figure class=\"wp-block-image size-large\"><a href=\"http:\/\/www.reitundzuchtstallnordhof.de\/wordpress\/wp-content\/uploads\/2014\/12\/DSC09069.jpg\"><img loading=\"lazy\" decoding=\"async\" width=\"1024\" height=\"683\" data-id=\"325\" src=\"http:\/\/www.reitundzuchtstallnordhof.de\/wordpress\/wp-content\/uploads\/2014\/12\/DSC09069-1024x683.jpg\" alt=\"\" class=\"wp-image-325\" srcset=\"https:\/\/reitundzuchtstallnordhof.de\/wordpress\/wp-content\/uploads\/2014\/12\/DSC09069-1024x683.jpg 1024w, https:\/\/reitundzuchtstallnordhof.de\/wordpress\/wp-content\/uploads\/2014\/12\/DSC09069-300x200.jpg 300w, https:\/\/reitundzuchtstallnordhof.de\/wordpress\/wp-content\/uploads\/2014\/12\/DSC09069-624x416.jpg 624w\" sizes=\"auto, (max-width: 1024px) 100vw, 1024px\" \/><\/a><\/figure>\n\n\n\n<figure class=\"wp-block-image size-large\"><a href=\"http:\/\/www.reitundzuchtstallnordhof.de\/wordpress\/wp-content\/uploads\/2014\/12\/DSC09000.jpg\"><img loading=\"lazy\" decoding=\"async\" width=\"1024\" height=\"683\" data-id=\"324\" src=\"http:\/\/www.reitundzuchtstallnordhof.de\/wordpress\/wp-content\/uploads\/2014\/12\/DSC09000-1024x683.jpg\" alt=\"\" class=\"wp-image-324\" srcset=\"https:\/\/reitundzuchtstallnordhof.de\/wordpress\/wp-content\/uploads\/2014\/12\/DSC09000-1024x683.jpg 1024w, https:\/\/reitundzuchtstallnordhof.de\/wordpress\/wp-content\/uploads\/2014\/12\/DSC09000-300x200.jpg 300w, https:\/\/reitundzuchtstallnordhof.de\/wordpress\/wp-content\/uploads\/2014\/12\/DSC09000-624x416.jpg 624w\" sizes=\"auto, (max-width: 1024px) 100vw, 1024px\" \/><\/a><\/figure>\n\n\n\n<figure class=\"wp-block-image size-large\"><a href=\"http:\/\/www.reitundzuchtstallnordhof.de\/wordpress\/wp-content\/uploads\/2014\/12\/DSC08970.jpg\"><img loading=\"lazy\" decoding=\"async\" width=\"1024\" height=\"683\" data-id=\"323\" src=\"http:\/\/www.reitundzuchtstallnordhof.de\/wordpress\/wp-content\/uploads\/2014\/12\/DSC08970-1024x683.jpg\" alt=\"\" class=\"wp-image-323\" srcset=\"https:\/\/reitundzuchtstallnordhof.de\/wordpress\/wp-content\/uploads\/2014\/12\/DSC08970-1024x683.jpg 1024w, https:\/\/reitundzuchtstallnordhof.de\/wordpress\/wp-content\/uploads\/2014\/12\/DSC08970-300x200.jpg 300w, https:\/\/reitundzuchtstallnordhof.de\/wordpress\/wp-content\/uploads\/2014\/12\/DSC08970-624x416.jpg 624w\" sizes=\"auto, (max-width: 1024px) 100vw, 1024px\" \/><\/a><\/figure>\n\n\n\n<figure class=\"wp-block-image size-large\"><a href=\"http:\/\/www.reitundzuchtstallnordhof.de\/wordpress\/wp-content\/uploads\/2014\/12\/DSC08768.jpg\"><img loading=\"lazy\" decoding=\"async\" width=\"1024\" height=\"683\" data-id=\"316\" src=\"http:\/\/www.reitundzuchtstallnordhof.de\/wordpress\/wp-content\/uploads\/2014\/12\/DSC08768-1024x683.jpg\" alt=\"\" class=\"wp-image-316\" srcset=\"https:\/\/reitundzuchtstallnordhof.de\/wordpress\/wp-content\/uploads\/2014\/12\/DSC08768-1024x683.jpg 1024w, https:\/\/reitundzuchtstallnordhof.de\/wordpress\/wp-content\/uploads\/2014\/12\/DSC08768-300x200.jpg 300w, https:\/\/reitundzuchtstallnordhof.de\/wordpress\/wp-content\/uploads\/2014\/12\/DSC08768-624x416.jpg 624w\" sizes=\"auto, (max-width: 1024px) 100vw, 1024px\" \/><\/a><\/figure>\n\n\n\n<figure class=\"wp-block-image size-large\"><a href=\"http:\/\/www.reitundzuchtstallnordhof.de\/wordpress\/wp-content\/uploads\/2014\/12\/DSC08785.jpg\"><img loading=\"lazy\" decoding=\"async\" width=\"1024\" height=\"683\" data-id=\"317\" src=\"http:\/\/www.reitundzuchtstallnordhof.de\/wordpress\/wp-content\/uploads\/2014\/12\/DSC08785-1024x683.jpg\" alt=\"\" class=\"wp-image-317\" srcset=\"https:\/\/reitundzuchtstallnordhof.de\/wordpress\/wp-content\/uploads\/2014\/12\/DSC08785-1024x683.jpg 1024w, https:\/\/reitundzuchtstallnordhof.de\/wordpress\/wp-content\/uploads\/2014\/12\/DSC08785-300x200.jpg 300w, https:\/\/reitundzuchtstallnordhof.de\/wordpress\/wp-content\/uploads\/2014\/12\/DSC08785-624x416.jpg 624w\" sizes=\"auto, (max-width: 1024px) 100vw, 1024px\" \/><\/a><\/figure>\n\n\n\n<figure class=\"wp-block-image size-large\"><a href=\"http:\/\/www.reitundzuchtstallnordhof.de\/wordpress\/wp-content\/uploads\/2014\/12\/PA040102.jpg\"><img loading=\"lazy\" decoding=\"async\" width=\"1024\" height=\"768\" data-id=\"334\" src=\"http:\/\/www.reitundzuchtstallnordhof.de\/wordpress\/wp-content\/uploads\/2014\/12\/PA040102-1024x768.jpg\" alt=\"\" class=\"wp-image-334\" srcset=\"https:\/\/reitundzuchtstallnordhof.de\/wordpress\/wp-content\/uploads\/2014\/12\/PA040102-1024x768.jpg 1024w, https:\/\/reitundzuchtstallnordhof.de\/wordpress\/wp-content\/uploads\/2014\/12\/PA040102-300x225.jpg 300w, https:\/\/reitundzuchtstallnordhof.de\/wordpress\/wp-content\/uploads\/2014\/12\/PA040102-624x468.jpg 624w\" sizes=\"auto, (max-width: 1024px) 100vw, 1024px\" \/><\/a><\/figure>\n\n\n\n<figure class=\"wp-block-image size-large\"><a href=\"http:\/\/www.reitundzuchtstallnordhof.de\/wordpress\/wp-content\/uploads\/2014\/12\/IMG_6705.jpg\"><img loading=\"lazy\" decoding=\"async\" width=\"1024\" height=\"683\" data-id=\"449\" src=\"http:\/\/www.reitundzuchtstallnordhof.de\/wordpress\/wp-content\/uploads\/2014\/12\/IMG_6705-1024x683.jpg\" alt=\"\" class=\"wp-image-449\" srcset=\"https:\/\/reitundzuchtstallnordhof.de\/wordpress\/wp-content\/uploads\/2014\/12\/IMG_6705-1024x683.jpg 1024w, https:\/\/reitundzuchtstallnordhof.de\/wordpress\/wp-content\/uploads\/2014\/12\/IMG_6705-300x200.jpg 300w, https:\/\/reitundzuchtstallnordhof.de\/wordpress\/wp-content\/uploads\/2014\/12\/IMG_6705-624x416.jpg 624w\" sizes=\"auto, (max-width: 1024px) 100vw, 1024px\" \/><\/a><\/figure>\n<\/figure>\n","protected":false},"excerpt":{"rendered":"<p>Zum Ausreiten bietet Ihnen das havell\u00e4ndische Luch mit seinen unterschiedlichen Facetten verschiedenste M\u00f6glichkeiten f\u00fcr stundenlange Ausritte. Auf den riesigen Feldern und Wiesen kann so manch ein Reiter seinen vierbeinigen Partner schon mal zum Rennpferd trainieren. F\u00fcr ein eher ruhigeres Gem\u00fct oder auch an hei\u00dfen Sommertagen bietet sich das gem\u00fctliche Bummeln durch die Alleen und kleinen [&hellip;]<\/p>\n","protected":false},"author":2,"featured_media":0,"parent":63,"menu_order":0,"comment_status":"closed","ping_status":"closed","template":"","meta":{"footnotes":""},"class_list":["post-92","page","type-page","status-publish","hentry"],"_links":{"self":[{"href":"https:\/\/reitundzuchtstallnordhof.de\/wordpress\/wp-json\/wp\/v2\/pages\/92","targetHints":{"allow":["GET"]}}],"collection":[{"href":"https:\/\/reitundzuchtstallnordhof.de\/wordpress\/wp-json\/wp\/v2\/pages"}],"about":[{"href":"https:\/\/reitundzuchtstallnordhof.de\/wordpress\/wp-json\/wp\/v2\/types\/page"}],"author":[{"embeddable":true,"href":"https:\/\/reitundzuchtstallnordhof.de\/wordpress\/wp-json\/wp\/v2\/users\/2"}],"replies":[{"embeddable":true,"href":"https:\/\/reitundzuchtstallnordhof.de\/wordpress\/wp-json\/wp\/v2\/comments?post=92"}],"version-history":[{"count":16,"href":"https:\/\/reitundzuchtstallnordhof.de\/wordpress\/wp-json\/wp\/v2\/pages\/92\/revisions"}],"predecessor-version":[{"id":702,"href":"https:\/\/reitundzuchtstallnordhof.de\/wordpress\/wp-json\/wp\/v2\/pages\/92\/revisions\/702"}],"up":[{"embeddable":true,"href":"https:\/\/reitundzuchtstallnordhof.de\/wordpress\/wp-json\/wp\/v2\/pages\/63"}],"wp:attachment":[{"href":"https:\/\/reitundzuchtstallnordhof.de\/wordpress\/wp-json\/wp\/v2\/media?parent=92"}],"curies":[{"name":"wp","href":"https:\/\/api.w.org\/{rel}","templated":true}]}}